{"id":81,"date":"2014-12-12T10:06:42","date_gmt":"2014-12-12T10:06:42","guid":{"rendered":"http:\/\/scytconsulting.com\/?page_id=81"},"modified":"2019-11-20T06:19:39","modified_gmt":"2019-11-20T06:19:39","slug":"elerhetosegek","status":"publish","type":"page","link":"https:\/\/scytconsulting.com\/hu\/elerhetosegek\/","title":{"rendered":"El\u00e9rhet\u0151s\u00e9g"},"content":{"rendered":"<table>\n<tbody>\n<tr>\n<td style=\"vertical-align: top; width: 50%;\">SCYT Consulting Kft.C\u00edm: 6727 Szeged, G\u00f6nd\u00f6r sor 19. <\/p>\n<p>Email: office@scytconsulting.com<\/td>\n<td><\/td>\n<\/tr>\n<\/tbody>\n<\/table>\n","protected":false},"excerpt":{"rendered":"<p>SCYT Consulting Kft.C\u00edm: 6727 Szeged, G\u00f6nd\u00f6r sor 19. Email: office@scytconsulting.com<\/p>\n","protected":false},"author":1,"featured_media":0,"parent":0,"menu_order":0,"comment_status":"closed","ping_status":"open","template":"templates\/template-full.php","meta":{"_locale":"hu_HU","_original_post":"74","footnotes":""},"class_list":["post-81","page","type-page","status-publish","hentry","hu-HU"],"_links":{"self":[{"href":"https:\/\/scytconsulting.com\/wp-json\/wp\/v2\/pages\/81","targetHints":{"allow":["GET"]}}],"collection":[{"href":"https:\/\/scytconsulting.com\/wp-json\/wp\/v2\/pages"}],"about":[{"href":"https:\/\/scytconsulting.com\/wp-json\/wp\/v2\/types\/page"}],"author":[{"embeddable":true,"href":"https:\/\/scytconsulting.com\/wp-json\/wp\/v2\/users\/1"}],"replies":[{"embeddable":true,"href":"https:\/\/scytconsulting.com\/wp-json\/wp\/v2\/comments?post=81"}],"version-history":[{"count":6,"href":"https:\/\/scytconsulting.com\/wp-json\/wp\/v2\/pages\/81\/revisions"}],"predecessor-version":[{"id":187,"href":"https:\/\/scytconsulting.com\/wp-json\/wp\/v2\/pages\/81\/revisions\/187"}],"wp:attachment":[{"href":"https:\/\/scytconsulting.com\/wp-json\/wp\/v2\/media?parent=81"}],"curies":[{"name":"wp","href":"https:\/\/api.w.org\/{rel}","templated":true}]}}