{"id":61,"date":"2014-12-12T09:49:46","date_gmt":"2014-12-12T09:49:46","guid":{"rendered":"http:\/\/scytconsulting.com\/?page_id=61"},"modified":"2019-11-20T06:17:39","modified_gmt":"2019-11-20T06:17:39","slug":"java-development","status":"publish","type":"page","link":"https:\/\/scytconsulting.com\/hu\/java-development\/","title":{"rendered":"Szoftver fejleszt\u00e9s \u00e9s integr\u00e1l\u00e1s"},"content":{"rendered":"<p>M\u0171szaki tan\u00e1csad\u00f3k\u00e9nt rugalmas lehet\u0151s\u00e9get, emberi er\u0151forr\u00e1st k\u00edn\u00e1lunk \u00fcgyfeleink sz\u00e1m\u00e1ra, \u00edgy \u00fcgyfeleink \u00e9lvezhetik a gyakorlati tapasztalatunkkal j\u00e1r\u00f3 el\u0151ny\u00f6ket. A Scyt kor\u00e1bban sikerrel vett r\u00e9szt p\u00e9nz\u00fcgyi \u00e9s telekommunik\u00e1ci\u00f3s szoftverek fejleszt\u00e9s\u00e9ben, t\u00e1mogat\u00e1s\u00e1ban.<\/p>\n","protected":false},"excerpt":{"rendered":"<p>M\u0171szaki tan\u00e1csad\u00f3k\u00e9nt rugalmas lehet\u0151s\u00e9get, emberi er\u0151forr\u00e1st k\u00edn\u00e1lunk \u00fcgyfeleink sz\u00e1m\u00e1ra, \u00edgy \u00fcgyfeleink \u00e9lvezhetik a gyakorlati tapasztalatunkkal j\u00e1r\u00f3 el\u0151ny\u00f6ket. A Scyt kor\u00e1bban sikerrel vett r\u00e9szt p\u00e9nz\u00fcgyi \u00e9s telekommunik\u00e1ci\u00f3s szoftverek fejleszt\u00e9s\u00e9ben, t\u00e1mogat\u00e1s\u00e1ban.<\/p>\n","protected":false},"author":1,"featured_media":0,"parent":0,"menu_order":0,"comment_status":"closed","ping_status":"closed","template":"templates\/template-full.php","meta":{"_locale":"hu_HU","_original_post":"61","footnotes":""},"class_list":["post-61","page","type-page","status-publish","hentry","hu-HU"],"_links":{"self":[{"href":"https:\/\/scytconsulting.com\/wp-json\/wp\/v2\/pages\/61","targetHints":{"allow":["GET"]}}],"collection":[{"href":"https:\/\/scytconsulting.com\/wp-json\/wp\/v2\/pages"}],"about":[{"href":"https:\/\/scytconsulting.com\/wp-json\/wp\/v2\/types\/page"}],"author":[{"embeddable":true,"href":"https:\/\/scytconsulting.com\/wp-json\/wp\/v2\/users\/1"}],"replies":[{"embeddable":true,"href":"https:\/\/scytconsulting.com\/wp-json\/wp\/v2\/comments?post=61"}],"version-history":[{"count":5,"href":"https:\/\/scytconsulting.com\/wp-json\/wp\/v2\/pages\/61\/revisions"}],"predecessor-version":[{"id":184,"href":"https:\/\/scytconsulting.com\/wp-json\/wp\/v2\/pages\/61\/revisions\/184"}],"wp:attachment":[{"href":"https:\/\/scytconsulting.com\/wp-json\/wp\/v2\/media?parent=61"}],"curies":[{"name":"wp","href":"https:\/\/api.w.org\/{rel}","templated":true}]}}