{"id":55,"date":"2014-12-12T09:46:39","date_gmt":"2014-12-12T09:46:39","guid":{"rendered":"http:\/\/scytconsulting.com\/?page_id=55"},"modified":"2015-04-17T12:19:21","modified_gmt":"2015-04-17T12:19:21","slug":"rolunk","status":"publish","type":"page","link":"https:\/\/scytconsulting.com\/hu\/rolunk\/","title":{"rendered":"R\u00f3lunk"},"content":{"rendered":"<p>SCYT Consulting Kft 2014-ben alakult magyarorsz\u00e1gi sz\u00e9khely\u0171 v\u00e1llakoz\u00e1s.<\/p>\n<p>F\u0151 tev\u00e9kenys\u00e9gi ter\u00fclet\u00fcnk szofvter fejleszt\u00e9s \u00e9s integr\u00e1l\u00e1s, illetve Identity Access Management tan\u00e1csad\u00e1s.<\/p>\n<p>&nbsp;<\/p>\n","protected":false},"excerpt":{"rendered":"<p>SCYT Consulting Kft 2014-ben alakult magyarorsz\u00e1gi sz\u00e9khely\u0171 v\u00e1llakoz\u00e1s. F\u0151 tev\u00e9kenys\u00e9gi ter\u00fclet\u00fcnk szofvter fejleszt\u00e9s \u00e9s integr\u00e1l\u00e1s, illetve Identity Access Management tan\u00e1csad\u00e1s. &nbsp;<\/p>\n","protected":false},"author":1,"featured_media":0,"parent":0,"menu_order":0,"comment_status":"closed","ping_status":"open","template":"templates\/template-full-notitle.php","meta":{"_locale":"hu_HU","_original_post":"36","footnotes":""},"class_list":["post-55","page","type-page","status-publish","hentry","hu-HU"],"_links":{"self":[{"href":"https:\/\/scytconsulting.com\/wp-json\/wp\/v2\/pages\/55","targetHints":{"allow":["GET"]}}],"collection":[{"href":"https:\/\/scytconsulting.com\/wp-json\/wp\/v2\/pages"}],"about":[{"href":"https:\/\/scytconsulting.com\/wp-json\/wp\/v2\/types\/page"}],"author":[{"embeddable":true,"href":"https:\/\/scytconsulting.com\/wp-json\/wp\/v2\/users\/1"}],"replies":[{"embeddable":true,"href":"https:\/\/scytconsulting.com\/wp-json\/wp\/v2\/comments?post=55"}],"version-history":[{"count":3,"href":"https:\/\/scytconsulting.com\/wp-json\/wp\/v2\/pages\/55\/revisions"}],"predecessor-version":[{"id":111,"href":"https:\/\/scytconsulting.com\/wp-json\/wp\/v2\/pages\/55\/revisions\/111"}],"wp:attachment":[{"href":"https:\/\/scytconsulting.com\/wp-json\/wp\/v2\/media?parent=55"}],"curies":[{"name":"wp","href":"https:\/\/api.w.org\/{rel}","templated":true}]}}