{"id":404,"date":"2020-07-28T08:09:55","date_gmt":"2020-07-28T08:09:55","guid":{"rendered":"https:\/\/scytconsulting.com\/?page_id=404"},"modified":"2021-10-11T20:47:28","modified_gmt":"2021-10-11T20:47:28","slug":"home-2020","status":"publish","type":"page","link":"https:\/\/scytconsulting.com\/","title":{"rendered":"Home 2020"},"content":{"rendered":"<p>[vc_section full_width=&#8221;stretch_row&#8221; parallax=&#8221;content-moving-fade&#8221; parallax_image=&#8221;416&#8243; css=&#8221;.vc_custom_1596474026045{padding-top: 30vh !important;padding-bottom: 30vh !important;}&#8221;][vc_row parallax=&#8221;content-moving&#8221;][vc_column][vc_column_text]<\/p>\n<h1 style=\"text-align: center;\"><span style=\"color: #ffffff; text-shadow: 0 0 14px #000;\">IT megold\u00e1sok a v\u00e1llalkoz\u00e1sod fejleszt\u00e9s\u00e9hez<\/span><\/h1>\n<p>[\/vc_column_text][\/vc_column][\/vc_row][\/vc_section][vc_section css=&#8221;.vc_custom_1594817824563{padding-top: 10vh !important;padding-bottom: 10vh !important;}&#8221;][vc_row][vc_column][vc_column_text css_animation=&#8221;none&#8221;]<\/p>\n<h2 style=\"text-align: center;\"><span style=\"color: #5e5e5e;\"><strong>Konzult\u00e1ci\u00f3s lehet\u0151s\u00e9gek v\u00e1llalkoz\u00e1soknak IT megold\u00e1saik \u00faj szintre emel\u00e9s\u00e9hez<\/strong><\/span><\/h2>\n<p>[\/vc_column_text][\/vc_column][\/vc_row][\/vc_section][vc_section full_width=&#8221;stretch_row&#8221; parallax=&#8221;content-moving&#8221; parallax_image=&#8221;327&#8243; css=&#8221;.vc_custom_1595854020674{padding-top: 10vh !important;padding-bottom: 10vh !important;background-image: url(http:\/\/192.168.0.21\/blog\/wp-content\/uploads\/2020\/07\/szurke_hatt\u00e9r.png?id=173) !important;}&#8221;][vc_row css=&#8221;.vc_custom_1594799614284{padding-bottom: 5vh !important;}&#8221;][vc_column][vc_column_text]<\/p>\n<h2 style=\"text-align: center;\"><span style=\"color: #ffd700;\">AMIT AJ\u00c1NLUNK<\/span><\/h2>\n<p>[\/vc_column_text][\/vc_column][\/vc_row][vc_row][vc_column width=&#8221;1\/2&#8243;][vc_column_text css=&#8221;.vc_custom_1595924200991{padding-right: 10vh !important;padding-bottom: 1em !important;padding-left: 10vh !important;}&#8221;]<\/p>\n<h4 style=\"text-align: center;\"><span style=\"color: #ffd700;\">Nagyv\u00e1llalatoknak<\/span><\/h4>\n<p>[\/vc_column_text][vc_column_text css=&#8221;.vc_custom_1596474098079{border-bottom-width: 5vh !important;padding-right: 10vh !important;padding-bottom: 5vh !important;padding-left: 10vh !important;}&#8221;]<\/p>\n<p style=\"text-align: center; min-height: 6em;\"><span style=\"color: #ffffff;\">Konzult\u00e1ci\u00f3 Identity \u00e9s Access Management megold\u00e1sokr\u00f3l, \u00e9s seg\u00edts\u00e9g ezek implement\u00e1l\u00e1s\u00e1ban<\/span><\/p>\n<p>[\/vc_column_text][vc_btn title=&#8221;L\u00e9pj vel\u00fcnk kapcsolatba&#8221; style=&#8221;custom&#8221; custom_background=&#8221;#ffd700&#8243; custom_text=&#8221;#5e5e5e&#8221; shape=&#8221;square&#8221; align=&#8221;center&#8221; link=&#8221;url:%23contact|||&#8221;][\/vc_column][vc_column width=&#8221;1\/2&#8243; css=&#8221;.vc_custom_1594816423258{padding-right: 10vh !important;padding-left: 10vh !important;}&#8221;][vc_column_text css=&#8221;.vc_custom_1595924214588{padding-bottom: 1em !important;}&#8221;]<\/p>\n<h4 style=\"text-align: center;\"><span style=\"color: #ffd700;\">Kis- \u00e9s k\u00f6z\u00e9pv\u00e1llalkoz\u00e1soknak<\/span><\/h4>\n<p>[\/vc_column_text][vc_column_text css=&#8221;.vc_custom_1596474109521{border-bottom-width: 5vh !important;padding-bottom: 5vh !important;}&#8221;]<\/p>\n<p style=\"text-align: center; min-height: 6em;\"><span style=\"color: #ffffff;\">Konzult\u00e1ci\u00f3 digit\u00e1lis megold\u00e1sokr\u00f3l \u00e9s technol\u00f3giai lehet\u0151s\u00e9gekr\u0151l a v\u00e1llalkoz\u00e1sod hat\u00e9konys\u00e1g\u00e1nak n\u00f6vel\u00e9s\u00e9\u00e9rt<\/span><\/p>\n<p>[\/vc_column_text][vc_btn title=&#8221;L\u00e9pj vel\u00fcnk kapcsolatba&#8221; style=&#8221;custom&#8221; custom_background=&#8221;#ffd700&#8243; custom_text=&#8221;#5e5e5e&#8221; shape=&#8221;square&#8221; align=&#8221;center&#8221; link=&#8221;url:%23contact|||&#8221;][\/vc_column][\/vc_row][\/vc_section][vc_section css=&#8221;.vc_custom_1595231674962{padding-top: 10vh !important;}&#8221;][vc_row css=&#8221;.vc_custom_1594799344964{padding-bottom: 10vh !important;}&#8221;][vc_column][vc_column_text]<\/p>\n<h2 style=\"text-align: center;\"><span style=\"color: #5e5e5e;\">HOGYAN \u00c9RHETED EL A C\u00c9LJAIDAT VEL\u00dcNK?<\/span><\/h2>\n<p>[\/vc_column_text][\/vc_column][\/vc_row][vc_row css=&#8221;.vc_custom_1594817502785{padding-bottom: 5vh !important;}&#8221;][vc_column width=&#8221;1\/2&#8243;][vc_single_image image=&#8221;324&#8243; img_size=&#8221;full&#8221; alignment=&#8221;center&#8221; css=&#8221;.vc_custom_1595854116863{padding-bottom: 3vh !important;}&#8221;][vc_column_text css=&#8221;.vc_custom_1596483213411{padding-right: 10vh !important;padding-left: 10vh !important;}&#8221;]<\/p>\n<h3 style=\"text-align: center; min-height: 5em;\"><strong><span style=\"color: #5e5e5e;\">Identity and Access Management konzult\u00e1ci\u00f3<\/span><\/strong><\/h3>\n<p>[\/vc_column_text][vc_column_text css=&#8221;.vc_custom_1595925110446{padding-right: 10vh !important;padding-left: 10vh !important;}&#8221;]<\/p>\n<p style=\"text-align: center;\"><span style=\"color: #5e5e5e;\">Szakmai tapasztalatunkkal seg\u00edt\u00fcnk k\u00fcl\u00f6nb\u00f6z\u0151 IAM megold\u00e1sok bevezet\u00e9s\u00e9ben<\/span><\/p>\n<p>[\/vc_column_text][vc_column_text css=&#8221;.vc_custom_1595925392307{padding-right: 10vh !important;padding-bottom: 5vh !important;padding-left: 10vh !important;}&#8221;]<\/p>\n<hr \/>\n<p><span style=\"color: #5e5e5e;\">Amit aj\u00e1nlunk:<\/span><\/p>\n<ul>\n<li><span style=\"color: #5e5e5e;\">t\u00e1j\u00e9koztat\u00e1s a k\u00fcl\u00f6nb\u00f6z\u0151 IAM megold\u00e1sokkal kapcsolatban<\/span><\/li>\n<li><span style=\"color: #5e5e5e;\">seg\u00edts\u00e9gny\u00fajt\u00e1s a tervez\u00e9sben<\/span><\/li>\n<li><span style=\"color: #5e5e5e;\">seg\u00edts\u00e9gny\u00fajt\u00e1s az implement\u00e1ci\u00f3ban<\/span><\/li>\n<\/ul>\n<p>[\/vc_column_text][vc_btn title=&#8221;L\u00e9pj vel\u00fcnk kapcsolatba&#8221; style=&#8221;custom&#8221; custom_background=&#8221;#ffd700&#8243; custom_text=&#8221;#5e5e5e&#8221; shape=&#8221;square&#8221; align=&#8221;center&#8221; link=&#8221;url:%23contact|||&#8221;][\/vc_column][vc_column width=&#8221;1\/2&#8243;][vc_single_image image=&#8221;325&#8243; img_size=&#8221;full&#8221; alignment=&#8221;center&#8221; css=&#8221;.vc_custom_1595854159891{padding-bottom: 3vh !important;}&#8221;][vc_column_text css=&#8221;.vc_custom_1596483229700{padding-right: 10vh !important;padding-left: 10vh !important;}&#8221;]<\/p>\n<h3 style=\"text-align: center; min-height: 5em;\"><strong><span style=\"color: #5e5e5e;\">IT-val \u00e9s digitaliz\u00e1l\u00e1ssal kapcsolatos konzult\u00e1ci\u00f3<\/span><\/strong><\/h3>\n<p>[\/vc_column_text][vc_column_text css=&#8221;.vc_custom_1595925234316{padding-right: 10vh !important;padding-left: 10vh !important;}&#8221;]<\/p>\n<p style=\"text-align: center;\"><span style=\"color: #5e5e5e;\">Partnereinkkel egy\u00fcttm\u0171k\u00f6dve seg\u00edt\u00fcnk IT megold\u00e1sokkal igazi \u00e9rt\u00e9ket el\u0151\u00e1ll\u00edtani\u00a0<\/span><\/p>\n<p>[\/vc_column_text][vc_column_text css=&#8221;.vc_custom_1595925680641{padding-right: 10vh !important;padding-bottom: 5vh !important;padding-left: 10vh !important;}&#8221;]<\/p>\n<hr \/>\n<p><span style=\"color: #5e5e5e;\">Amit aj\u00e1nlunk:<\/span><\/p>\n<ul>\n<li><span style=\"color: #5e5e5e;\">felk\u00e9sz\u00fcl\u00e9s auditra<\/span><\/li>\n<li><span style=\"color: #5e5e5e;\">az \u00fczleti k\u00f6vetelm\u00e9nyek meghat\u00e1roz\u00e1sa<\/span><\/li>\n<li><span style=\"color: #5e5e5e;\">seg\u00edts\u00e9gny\u00fajt\u00e1s a monitoring \u00e9s reporting folyamatokban<\/span><\/li>\n<\/ul>\n<p>[\/vc_column_text][vc_btn title=&#8221;L\u00e9pj vel\u00fcnk kapcsolatba&#8221; style=&#8221;custom&#8221; custom_background=&#8221;#ffd700&#8243; custom_text=&#8221;#5e5e5e&#8221; shape=&#8221;square&#8221; align=&#8221;center&#8221; link=&#8221;url:%23contact|||&#8221;][\/vc_column][\/vc_row][\/vc_section][vc_section full_width=&#8221;stretch_row&#8221; css=&#8221;.vc_custom_1595231552427{padding-bottom: 10vh !important;background-color: #ffd700 !important;}&#8221;][vc_row css=&#8221;.vc_custom_1595231868607{padding-top: 5vh !important;}&#8221;][vc_column][vc_column_text css=&#8221;.vc_custom_1595926007559{padding-right: 5vw !important;padding-left: 5vw !important;}&#8221;]<\/p>\n<h2 style=\"text-align: center;\"><span style=\"color: #5e5e5e;\">6 ok, hogy mi\u00e9rt a SCYT Consulting<\/span><\/h2>\n<p style=\"text-align: center;\"><span style=\"color: #5e5e5e;\">A SCYT Consulting-n\u00e1l hisz\u00fcnk az informatikai megold\u00e1sok erej\u00e9ben. <strong>\u00a0K\u00fcldet\u00e9s\u00fcnk, hogy seg\u00edts\u00fcnk a v\u00e1llalkoz\u00e1soknak abban, hogy a legjobb d\u00f6nt\u00e9st hozz\u00e1k az IT beruh\u00e1z\u00e1saikkal kapcsolatban \u00e9s\/vagy Identity and Access Management rendszereik bevezet\u00e9s\u00e9ben.<\/strong> Egy\u00fcttm\u0171k\u00f6d\u00e9s\u00fcnk sor\u00e1n teljes m\u00e9rt\u00e9kben figyel\u00fcnk a partnereink ig\u00e9nyeire, hogy a legjobb megold\u00e1st biztos\u00edtsuk.\u00a0<\/span><\/p>\n<p>[\/vc_column_text][\/vc_column][\/vc_row][vc_row full_width=&#8221;stretch_row_content_no_spaces&#8221; gap=&#8221;35&#8243; equal_height=&#8221;yes&#8221; content_placement=&#8221;middle&#8221; css=&#8221;.vc_custom_1594927999260{margin-top: 5vh !important;padding-top: 5vh !important;padding-bottom: 5vh !important;background-color: #5e5e5e !important;}&#8221;][vc_column width=&#8221;1\/6&#8243;][vc_icon type=&#8221;entypo&#8221; icon_entypo=&#8221;entypo-icon entypo-icon-target&#8221; color=&#8221;custom&#8221; size=&#8221;lg&#8221; align=&#8221;center&#8221; css_animation=&#8221;fadeInUp&#8221; custom_color=&#8221;#ffd700&#8243; el_class=&#8221;Accessibility&#8221;][vc_column_text css=&#8221;.vc_custom_1595926021175{margin-top: -30px !important;}&#8221;]<\/p>\n<h6 style=\"text-align: center;\"><span style=\"color: #ffd700;\"><strong>PONTOSS\u00c1G<\/strong><\/span><\/h6>\n<p>[\/vc_column_text][\/vc_column][vc_column width=&#8221;1\/6&#8243;][vc_icon type=&#8221;openiconic&#8221; icon_openiconic=&#8221;vc-oi vc-oi-user&#8221; color=&#8221;custom&#8221; size=&#8221;lg&#8221; align=&#8221;center&#8221; css_animation=&#8221;fadeInUp&#8221; custom_color=&#8221;#ffd700&#8243; el_class=&#8221;Accessibility&#8221;][vc_column_text css=&#8221;.vc_custom_1595926045990{margin-top: -30px !important;}&#8221;]<\/p>\n<h6 style=\"text-align: center;\"><span style=\"color: #ffd700;\"><strong>\u00dcGYF\u00c9LK\u00d6ZPONT\u00daS\u00c1G<\/strong><\/span><\/h6>\n<p>[\/vc_column_text][\/vc_column][vc_column width=&#8221;1\/6&#8243;][vc_icon type=&#8221;openiconic&#8221; icon_openiconic=&#8221;vc-oi vc-oi-star&#8221; color=&#8221;custom&#8221; size=&#8221;lg&#8221; align=&#8221;center&#8221; css_animation=&#8221;fadeInUp&#8221; custom_color=&#8221;#ffd700&#8243; el_class=&#8221;Accessibility&#8221;][vc_column_text css=&#8221;.vc_custom_1595926490615{margin-top: -30px !important;}&#8221;]<\/p>\n<h6 style=\"text-align: center;\"><span style=\"color: #ffd700;\"><strong>MIN\u0150S\u00c9G<\/strong><\/span><\/h6>\n<p>[\/vc_column_text][\/vc_column][vc_column width=&#8221;1\/6&#8243;][vc_icon type=&#8221;entypo&#8221; icon_entypo=&#8221;entypo-icon entypo-icon-comment&#8221; color=&#8221;custom&#8221; size=&#8221;lg&#8221; align=&#8221;center&#8221; css_animation=&#8221;fadeInUp&#8221; custom_color=&#8221;#ffd700&#8243; el_class=&#8221;Accessibility&#8221;][vc_column_text css=&#8221;.vc_custom_1595926092373{margin-top: -30px !important;}&#8221;]<\/p>\n<h6 style=\"text-align: center;\"><span style=\"color: #ffd700;\"><strong>\u00c1TTEKINTHET\u0150S\u00c9G<\/strong><\/span><\/h6>\n<p>[\/vc_column_text][\/vc_column][vc_column width=&#8221;1\/6&#8243;][vc_icon type=&#8221;entypo&#8221; icon_entypo=&#8221;entypo-icon entypo-icon-shuffle&#8221; color=&#8221;custom&#8221; size=&#8221;lg&#8221; align=&#8221;center&#8221; css_animation=&#8221;fadeInUp&#8221; custom_color=&#8221;#ffd700&#8243; el_class=&#8221;Accessibility&#8221;][vc_column_text css=&#8221;.vc_custom_1595926102744{margin-top: -30px !important;}&#8221;]<\/p>\n<h6 style=\"text-align: center;\"><span style=\"color: #ffd700;\"><strong>RUGALMASS\u00c1G<\/strong><\/span><\/h6>\n<p>[\/vc_column_text][\/vc_column][vc_column width=&#8221;1\/6&#8243;][vc_icon type=&#8221;entypo&#8221; icon_entypo=&#8221;entypo-icon entypo-icon-trophy&#8221; color=&#8221;custom&#8221; size=&#8221;lg&#8221; align=&#8221;center&#8221; css_animation=&#8221;fadeInUp&#8221; custom_color=&#8221;#ffd700&#8243; el_class=&#8221;Accessibility&#8221;][vc_column_text css=&#8221;.vc_custom_1595926119559{margin-top: -30px !important;}&#8221;]<\/p>\n<h6 style=\"text-align: center;\"><span style=\"color: #ffd700;\"><strong>PROFESSZIONIZMUS<\/strong><\/span><\/h6>\n<p>[\/vc_column_text][\/vc_column][\/vc_row][\/vc_section][vc_section css=&#8221;.vc_custom_1595269913156{padding-top: 5vh !important;padding-bottom: 5vh !important;}&#8221;][vc_row css=&#8221;.vc_custom_1595269958211{padding-top: 5vh !important;}&#8221;][vc_column][vc_column_text]<\/p>\n<h3><span style=\"color: #5e5e5e;\">Partnereink<\/span><\/h3>\n<p>[\/vc_column_text][\/vc_column][\/vc_row][vc_row css=&#8221;.vc_custom_1595271502774{padding-top: 5vh !important;padding-bottom: 5vh !important;}&#8221;][vc_column width=&#8221;1\/4&#8243;][vc_single_image image=&#8221;454&#8243; img_size=&#8221;350&#215;150&#8243; css=&#8221;.vc_custom_1633985180291{padding-right: 3vw !important;}&#8221;][\/vc_column][vc_column width=&#8221;1\/4&#8243;][vc_single_image image=&#8221;438&#8243; img_size=&#8221;350&#215;150&#8243; css=&#8221;.vc_custom_1596482455192{padding-right: 3vw !important;}&#8221;][\/vc_column][vc_column width=&#8221;1\/4&#8243;][vc_single_image image=&#8221;437&#8243; img_size=&#8221;350&#215;150&#8243; css=&#8221;.vc_custom_1596482465998{padding-right: 3vw !important;}&#8221;][\/vc_column][vc_column width=&#8221;1\/4&#8243;][vc_single_image image=&#8221;448&#8243; img_size=&#8221;350&#215;150&#8243; css=&#8221;.vc_custom_1599742842347{padding-right: 3vw !important;}&#8221;][\/vc_column][\/vc_row][\/vc_section][vc_section css=&#8221;.vc_custom_1595874055219{padding-bottom: 8vh !important;}&#8221;][vc_row][vc_column][vc_raw_html]JTNDYSUyMG5hbWUlM0QlMjJjb250YWN0JTIyJTNFJTNDJTJGYSUzRQ==[\/vc_raw_html][vc_column_text css=&#8221;.vc_custom_1595926187970{padding-bottom: 3vh !important;}&#8221;]<\/p>\n<h3><span style=\"color: #5e5e5e;\">Kapcsolatfelv\u00e9tel<\/span><\/h3>\n<p>[\/vc_column_text]<div class=\"wpforms-container wpforms-container-full\" id=\"wpforms-414\"><form id=\"wpforms-form-414\" class=\"wpforms-validate wpforms-form\" data-formid=\"414\" method=\"post\" enctype=\"multipart\/form-data\" action=\"\/hu\/wp-json\/wp\/v2\/pages\/404\" data-token=\"8834f750c057a2402a2a5fb4681bd65c\" data-token-time=\"1775555384\"><noscript class=\"wpforms-error-noscript\">Please enable JavaScript in your browser to complete this form.<\/noscript><div class=\"wpforms-field-container\"><div id=\"wpforms-414-field_0-container\" class=\"wpforms-field wpforms-field-name\" data-field-id=\"0\"><label class=\"wpforms-field-label\" for=\"wpforms-414-field_0\">N\u00e9v <span class=\"wpforms-required-label\">*<\/span><\/label><input type=\"text\" id=\"wpforms-414-field_0\" class=\"wpforms-field-medium wpforms-field-required\" name=\"wpforms[fields][0]\" required><\/div><div id=\"wpforms-414-field_3-container\" class=\"wpforms-field wpforms-field-text\" data-field-id=\"3\"><label class=\"wpforms-field-label\" for=\"wpforms-414-field_3\">V\u00e1llalkoz\u00e1s neve<\/label><input type=\"text\" id=\"wpforms-414-field_3\" class=\"wpforms-field-medium\" name=\"wpforms[fields][3]\" ><\/div><div id=\"wpforms-414-field_1-container\" class=\"wpforms-field wpforms-field-email\" data-field-id=\"1\"><label class=\"wpforms-field-label\" for=\"wpforms-414-field_1\">Email <span class=\"wpforms-required-label\">*<\/span><\/label><input type=\"email\" id=\"wpforms-414-field_1\" class=\"wpforms-field-medium wpforms-field-required\" name=\"wpforms[fields][1]\" spellcheck=\"false\" required><\/div><div id=\"wpforms-414-field_2-container\" class=\"wpforms-field wpforms-field-textarea\" data-field-id=\"2\"><label class=\"wpforms-field-label\" for=\"wpforms-414-field_2\">\u00dczenet <span class=\"wpforms-required-label\">*<\/span><\/label><textarea id=\"wpforms-414-field_2\" class=\"wpforms-field-medium wpforms-field-required\" name=\"wpforms[fields][2]\" required><\/textarea><\/div><\/div><!-- .wpforms-field-container --><div class=\"wpforms-field wpforms-field-hp\"><label for=\"wpforms-414-field-hp\" class=\"wpforms-field-label\">Message<\/label><input type=\"text\" name=\"wpforms[hp]\" id=\"wpforms-414-field-hp\" class=\"wpforms-field-medium\"><\/div><div class=\"wpforms-submit-container\" ><input type=\"hidden\" name=\"wpforms[id]\" value=\"414\"><input type=\"hidden\" name=\"page_title\" value=\"\"><input type=\"hidden\" name=\"page_url\" value=\"https:\/\/scytconsulting.com\/hu\/wp-json\/wp\/v2\/pages\/404\"><input type=\"hidden\" name=\"url_referer\" value=\"\"><button type=\"submit\" name=\"wpforms[submit]\" id=\"wpforms-submit-414\" class=\"wpforms-submit\" data-alt-text=\"K\u00fcld\u00e9s...\" data-submit-text=\"K\u00fcld\u00e9s\" aria-live=\"assertive\" value=\"wpforms-submit\">K\u00fcld\u00e9s<\/button><\/div><\/form><\/div>  <!-- .wpforms-container -->[vc_column_text css=&#8221;.vc_custom_1595927277422{padding-top: 5vh !important;}&#8221;]<\/p>\n<h4><span style=\"color: #5e5e5e;\">Egy\u00e9b el\u00e9rhet\u0151s\u00e9gek<\/span><\/h4>\n<p>[\/vc_column_text]<div id='rb_icon_list_69d4d33809f5d' class='rb_icon_list_module header_icons direction_column'><p class='custom_url'><i class='flaticon-pin'><\/i><span class='title '>H-6727 Szeged, G\u00f6nd\u00f6r sor 19, Hungary<\/span><\/p><p class='custom_url'><i class='flaticon-envelope'><\/i><span class='title '> office@scytconsulting.com<\/span><\/p><p class='custom_url'><i class='flaticon-phone-receiver'><\/i><span class='title '> +36204875759<\/span><\/p><\/div>[\/vc_column][\/vc_row][\/vc_section][vc_section full_width=&#8221;stretch_row&#8221; parallax=&#8221;content-moving&#8221; css=&#8221;.vc_custom_1595873971486{padding-right: 3vw !important;padding-left: 3vw !important;}&#8221;][vc_row full_width=&#8221;stretch_row&#8221; css=&#8221;.vc_custom_1595874100923{padding-top: 3vh !important;padding-bottom: 3vh !important;background-color: #5e5e5e !important;}&#8221;][vc_column][vc_column_text]<\/p>\n<h3><span style=\"color: #ffffff;\">R\u00f3lunk<\/span><\/h3>\n<h4><span style=\"color: #ffffff;\">SCYT Consulting Kft.<\/span><\/h4>\n<p><span style=\"color: #ffffff;\">\u00dcgyvezet\u0151:\u00a0 F\u00e1bri Andr\u00e1s\u00a0<\/span>[\/vc_column_text][vc_column_text]<span style=\"color: #ffffff;\">Ad\u00f3sz\u00e1m: 24921934-2-06<\/span>[\/vc_column_text][vc_column_text]<span style=\"color: #ffffff;\">EU Ad\u00f3sz\u00e1m: HU24921934<\/span>[\/vc_column_text][vc_column_text]<span style=\"color: #ffffff;\">C\u00e9gjegyz\u00e9ksz\u00e1m: 06-09-021242<\/span>[\/vc_column_text][\/vc_column][\/vc_row][\/vc_section]<\/p>\n","protected":false},"excerpt":{"rendered":"<p>[vc_section full_width=&#8221;stretch_row&#8221; parallax=&#8221;content-moving-fade&#8221; parallax_image=&#8221;416&#8243; css=&#8221;.vc_custom_1596474026045{padding-top: 30vh !important;padding-bottom: 30vh !important;}&#8221;][vc_row parallax=&#8221;content-moving&#8221;][vc_column][vc_column_text] IT megold\u00e1sok a v\u00e1llalkoz\u00e1sod fejleszt\u00e9s\u00e9hez [\/vc_column_text][\/vc_column][\/vc_row][\/vc_section][vc_section css=&#8221;.vc_custom_1594817824563{padding-top: 10vh !important;padding-bottom: 10vh !important;}&#8221;][vc_row][vc_column][vc_column_text css_animation=&#8221;none&#8221;] Konzult\u00e1ci\u00f3s lehet\u0151s\u00e9gek v\u00e1llalkoz\u00e1soknak IT megold\u00e1saik \u00faj szintre emel\u00e9s\u00e9hez [\/vc_column_text][\/vc_column][\/vc_row][\/vc_section][vc_section full_width=&#8221;stretch_row&#8221; parallax=&#8221;content-moving&#8221; parallax_image=&#8221;327&#8243; css=&#8221;.vc_custom_1595854020674{padding-top: 10vh !important;padding-bottom: 10vh !important;background-image: url(http:\/\/192.168.0.21\/blog\/wp-content\/uploads\/2020\/07\/szurke_hatt\u00e9r.png?id=173) !important;}&#8221;][vc_row css=&#8221;.vc_custom_1594799614284{padding-bottom: 5vh !important;}&#8221;][vc_column][vc_column_text] AMIT AJ\u00c1NLUNK [\/vc_column_text][\/vc_column][\/vc_row][vc_row][vc_column width=&#8221;1\/2&#8243;][vc_column_text css=&#8221;.vc_custom_1595924200991{padding-right: 10vh !important;padding-bottom: 1em !important;padding-left: 10vh !important;}&#8221;] [&hellip;]<\/p>\n","protected":false},"author":3,"featured_media":0,"parent":0,"menu_order":0,"comment_status":"closed","ping_status":"closed","template":"","meta":{"_locale":"hu_HU","_original_post":"https:\/\/scytconsulting.com\/?page_id=311","footnotes":""},"class_list":["post-404","page","type-page","status-publish","hentry","hu-HU"],"_links":{"self":[{"href":"https:\/\/scytconsulting.com\/wp-json\/wp\/v2\/pages\/404","targetHints":{"allow":["GET"]}}],"collection":[{"href":"https:\/\/scytconsulting.com\/wp-json\/wp\/v2\/pages"}],"about":[{"href":"https:\/\/scytconsulting.com\/wp-json\/wp\/v2\/types\/page"}],"author":[{"embeddable":true,"href":"https:\/\/scytconsulting.com\/wp-json\/wp\/v2\/users\/3"}],"replies":[{"embeddable":true,"href":"https:\/\/scytconsulting.com\/wp-json\/wp\/v2\/comments?post=404"}],"version-history":[{"count":18,"href":"https:\/\/scytconsulting.com\/wp-json\/wp\/v2\/pages\/404\/revisions"}],"predecessor-version":[{"id":455,"href":"https:\/\/scytconsulting.com\/wp-json\/wp\/v2\/pages\/404\/revisions\/455"}],"wp:attachment":[{"href":"https:\/\/scytconsulting.com\/wp-json\/wp\/v2\/media?parent=404"}],"curies":[{"name":"wp","href":"https:\/\/api.w.org\/{rel}","templated":true}]}}